{"id":2,"date":"2021-01-19T02:18:10","date_gmt":"2021-01-19T02:18:10","guid":{"rendered":"https:\/\/www.evclab.com\/?page_id=2"},"modified":"2021-01-24T15:27:21","modified_gmt":"2021-01-24T15:27:21","slug":"sample-page","status":"publish","type":"page","link":"https:\/\/www.evclab.com\/index.php\/sample-page\/","title":{"rendered":"Politikam\u0131z"},"content":{"rendered":"\n<p>M\u00fc\u015fteri memnuniyeti odakl\u0131 \u00e7al\u0131\u015farak, m\u00fc\u015fterilerle s\u00fcrekli i\u015fbirli\u011fi i\u00e7erisinde olmak,<br>m\u00fc\u015fterilerimizin beklentilerini ilgili mevzuat \u015fartlar\u0131n\u0131 g\u00f6z \u00f6n\u00fcne alarak en k\u0131sa s\u00fcrede do\u011fru olarak kar\u015f\u0131lamak ve onlar\u0131n talepleri do\u011frultusunda yeni imalatlara a\u00e7\u0131k olmakt\u0131r.<\/p>\n\n\n\n<blockquote class=\"wp-block-quote\"><p>Kalite kontrole \u00f6nem vererek, m\u00fc\u015fteri \u015fik\u00e2yetlerini en aza indirmektir.\n Personelimizin, sa\u011fl\u0131kl\u0131 bir i\u015f ortam\u0131nda, gelecek kayg\u0131lar\u0131 olmadan \u00e7al\u0131\u015fmalar\u0131n\u0131 sa\u011flamak ve her \u00e7al\u0131\u015fan\u0131m\u0131za g\u00f6re e\u011fitim programlar\u0131n\u0131n d\u00fczenlenmesi ile ki\u015fisel becerilerini art\u0131rmakt\u0131r.\n<\/p><\/blockquote>\n\n\n\n<blockquote class=\"wp-block-quote\"><p>Tedarik\u00e7ilerimizle olan ili\u015fkilerimizde s\u00fcreklili\u011fi sa\u011flay\u0131c\u0131 \u00e7al\u0131\u015fmalar yaparak, i\u015f hacmimizi birlikte artt\u0131rmakt\u0131r. \n \tTopluma ve \u00e7evreye duyarl\u0131 bir firma olarak, kanuni mevzuatlara uymak ve standartlar\u0131n gereklerini yerine getirmektir.\n \tFirmam\u0131za yap\u0131lm\u0131\u015f olan yat\u0131r\u0131mlar\u0131n, kaliteden taviz vermeden en k\u0131sa s\u00fcre i\u00e7erisinde kazan\u00e7l\u0131 bir \u015fekilde geri d\u00f6nmesi i\u00e7in gerekli \u00e7al\u0131\u015fmalar\u0131 yapmakt\u0131r.\n<\/p><\/blockquote>\n\n\n\n<p><\/p>\n","protected":false},"excerpt":{"rendered":"<p>M\u00fc\u015fteri memnuniyeti odakl\u0131 \u00e7al\u0131\u015farak, m\u00fc\u015fterilerle s\u00fcrekli i\u015fbirli\u011fi i\u00e7erisinde olmak,m\u00fc\u015fterilerimizin beklentilerini ilgili mevzuat \u015fartlar\u0131n\u0131 g\u00f6z \u00f6n\u00fcne alarak en k\u0131sa s\u00fcrede do\u011fru olarak kar\u015f\u0131lamak ve onlar\u0131n talepleri do\u011frultusunda yeni imalatlara a\u00e7\u0131k olmakt\u0131r. Kalite kontrole \u00f6nem vererek, m\u00fc\u015fteri \u015fik\u00e2yetlerini en aza indirmektir. Personelimizin, sa\u011fl\u0131kl\u0131 bir i\u015f ortam\u0131nda, gelecek kayg\u0131lar\u0131 olmadan \u00e7al\u0131\u015fmalar\u0131n\u0131 sa\u011flamak ve&#8230;<\/p>\n","protected":false},"author":1,"featured_media":1269,"parent":0,"menu_order":0,"comment_status":"closed","ping_status":"closed","template":"","meta":[],"_links":{"self":[{"href":"https:\/\/www.evclab.com\/index.php\/wp-json\/wp\/v2\/pages\/2"}],"collection":[{"href":"https:\/\/www.evclab.com\/index.php\/wp-json\/wp\/v2\/pages"}],"about":[{"href":"https:\/\/www.evclab.com\/index.php\/wp-json\/wp\/v2\/types\/page"}],"author":[{"embeddable":true,"href":"https:\/\/www.evclab.com\/index.php\/wp-json\/wp\/v2\/users\/1"}],"replies":[{"embeddable":true,"href":"https:\/\/www.evclab.com\/index.php\/wp-json\/wp\/v2\/comments?post=2"}],"version-history":[{"count":3,"href":"https:\/\/www.evclab.com\/index.php\/wp-json\/wp\/v2\/pages\/2\/revisions"}],"predecessor-version":[{"id":1285,"href":"https:\/\/www.evclab.com\/index.php\/wp-json\/wp\/v2\/pages\/2\/revisions\/1285"}],"wp:featuredmedia":[{"embeddable":true,"href":"https:\/\/www.evclab.com\/index.php\/wp-json\/wp\/v2\/media\/1269"}],"wp:attachment":[{"href":"https:\/\/www.evclab.com\/index.php\/wp-json\/wp\/v2\/media?parent=2"}],"curies":[{"name":"wp","href":"https:\/\/api.w.org\/{rel}","templated":true}]}}