{"id":18,"date":"2021-01-05T20:12:29","date_gmt":"2021-01-05T20:12:29","guid":{"rendered":"http:\/\/demos.famethemes.com\/screenr\/?page_id=18"},"modified":"2021-01-29T23:55:07","modified_gmt":"2021-01-29T23:55:07","slug":"evc_hizmetlerimiz","status":"publish","type":"page","link":"https:\/\/www.evclab.com\/index.php\/evc_hizmetlerimiz\/","title":{"rendered":"Hizmetlerimiz"},"content":{"rendered":"\t<div class=\"everest-tab-main-wrapper etab-sc-main-wrapper etab-clearfix etab-group-wrap etab-sp-custom-1617 etab-template1 etab-trigger-on_click etab-horizontal etab-top-left-position\" data-tab_trigger_type=\"on_click\" id=\"et-tab-random-684152147\">\r\n\t\t<div class=\"etab-header-wrap\">\r\n\t\t\t<ul class=\"etab-title-tabs et-tab684152147 etab-clearfix\" data-id=\"etab-684152147\">\r\n\t\t\t\t\t\t\t\t\t\t<li class=\"etab-label etab-active-show\" id=\"etab-vqYK3JE5nc-684152147\">\r\n\t\t\t\t\t\t\t\t\t\t\t\t\t\t\t\t<a href=\"javascript:void(0);\" data-tabtype=\"component_type\">\r\n\t\t\t\t\t\t\t\t\t\t\t\t\t\t\t\t\t\t<div class=\"etab-title-wrapper\">\r\n\t\t\t\t\t\t\t\t\t\t\t\t\t\t\t\t\t\t\t\t<span class=\"etab-title\">VAKUM S\u0130STEMLER\u0130<\/span>\r\n\t\t\t\t\t\t\t\t\t\t\t\t\t\t\t\t\t\t\t<\/div>\r\n\t\t\t\t\t\t\t\t<\/a>\r\n\t\t\t\t\t\t\t<\/li>\r\n\t\t\t\t\t\t\t\t\t\t\t\t\t<li class=\"etab-label \" id=\"etab-Bp4ywAkz1D-684152147\">\r\n\t\t\t\t\t\t\t\t\t\t\t\t\t\t\t\t<a href=\"javascript:void(0);\" data-tabtype=\"component_type\">\r\n\t\t\t\t\t\t\t\t\t\t\t\t\t\t\t\t\t\t<div class=\"etab-title-wrapper\">\r\n\t\t\t\t\t\t\t\t\t\t\t\t\t\t\t\t\t\t\t\t<span class=\"etab-title\">KR\u0130YOJEN\u0130K S\u0130STEMLER<\/span>\r\n\t\t\t\t\t\t\t\t\t\t\t\t\t\t\t\t\t\t\t<\/div>\r\n\t\t\t\t\t\t\t\t<\/a>\r\n\t\t\t\t\t\t\t<\/li>\r\n\t\t\t\t\t\t\t\t\t\t\t\t\t<li class=\"etab-label \" id=\"etab-TNhECTBW24-684152147\">\r\n\t\t\t\t\t\t\t\t\t\t\t\t\t\t\t\t<a href=\"javascript:void(0);\" data-tabtype=\"component_type\">\r\n\t\t\t\t\t\t\t\t\t\t\t\t\t\t\t\t\t\t<div class=\"etab-title-wrapper\">\r\n\t\t\t\t\t\t\t\t\t\t\t\t\t\t\t\t\t\t\t\t<span class=\"etab-title\">LABORATUVAR S\u0130STEMLER\u0130<\/span>\r\n\t\t\t\t\t\t\t\t\t\t\t\t\t\t\t\t\t\t\t<\/div>\r\n\t\t\t\t\t\t\t\t<\/a>\r\n\t\t\t\t\t\t\t<\/li>\r\n\t\t\t\t\t\t\t\t\t\t\t\t\t<li class=\"etab-label \" id=\"etab-APzOh3Zsdw-684152147\">\r\n\t\t\t\t\t\t\t\t\t\t\t\t\t\t\t\t<a href=\"javascript:void(0);\" data-tabtype=\"component_type\">\r\n\t\t\t\t\t\t\t\t\t\t\t\t\t\t\t\t\t\t<div class=\"etab-title-wrapper\">\r\n\t\t\t\t\t\t\t\t\t\t\t\t\t\t\t\t\t\t\t\t<span class=\"etab-title\">TEKN\u0130K SERV\u0130S H\u0130ZMETLER\u0130<\/span>\r\n\t\t\t\t\t\t\t\t\t\t\t\t\t\t\t\t\t\t\t<\/div>\r\n\t\t\t\t\t\t\t\t<\/a>\r\n\t\t\t\t\t\t\t<\/li>\r\n\t\t\t\t\t\t\t\t\t\t\t\t\t<\/ul>\r\n\t\t\t\t\t<\/div>\r\n\t\t\t\t\t<div class=\"etab-content-wrap\">\r\n\t\t\t\t\t\t\t\t\t\t\t\t\t\t<div class=\"etab-content-section etab-684152147 etab-active-content etab-vqYK3JE5nc-684152147\" data-active=\"1\">\r\n\t\t\t\t\t\t\t\t\t\t\t\t\t\t\t\t\t\t\t<div class=\"etab-editor-content clearfix\">\r\n\t\t\t\t\t\t\t\t\t\t\t<blockquote>\n<h1><strong>-\u0130nce Film \u00dcretim Sistemleri<\/strong><\/h1>\n<ul>\n<li>Termal Buharla\u015ft\u0131rma Sistemleri<\/li>\n<li>Magnetron Sa\u00e7t\u0131rma Sistemleri<\/li>\n<li>\u00c7ok Teknikli Sistemler<\/li>\n<\/ul>\n<div class=\"clearfix\"><\/div>\n<h1><strong>-Vakum Pompalar\u0131<\/strong><\/h1>\n<ul>\n<li>Dif\u00fczyon Pompas\u0131<\/li>\n<li>Mekanik Vakum Pompalar\u0131 (Ya\u011fl\u0131 Tip)<\/li>\n<li>Scroll Vakum Pompalar\u0131 (Kuru Tip)<\/li>\n<li>Turbomolek\u00fcler Pompa<\/li>\n<li>Turbomolek\u00fcler Pompa \u0130stasyonlar\u0131<\/li>\n<li>Kriyojenik Vakum Pompas\u0131 (Cryopump)<\/li>\n<\/ul>\n<div class=\"clearfix\"><\/div>\n<div class=\"row\">\n<div class=\"col-sx-12 col-sm-12 col-md-12\">\n<h1><strong>-Vakum Odalar\u0131 (Vacuum Chambers)<\/strong><\/h1>\n<p>Standart veya Kullan\u0131c\u0131ya \u00d6zel Tasar\u0131m Vakum Kazanlar\u0131 \u00fcretimi yapmaktay\u0131z.<\/p>\n<\/div>\n<\/div>\n<h1><strong>-Vakum Ya\u011flar\u0131<\/strong><\/h1>\n<ul>\n<li>Mekanik Pompa Ya\u011flar\u0131<\/li>\n<li>Fomblin Mekanik Pompa Ya\u011flar\u0131<\/li>\n<li>Dif\u00fczyon Pompa Ya\u011flar\u0131<\/li>\n<\/ul>\n<h1><strong>-Vakum Flan\u015flar\u0131<\/strong><\/h1>\n<ul>\n<li>QF(KF)<\/li>\n<li>CF<\/li>\n<li>ISO-K<\/li>\n<li>ISO-F<\/li>\n<\/ul>\n<h1><strong>-Vakum Ba\u011flant\u0131 Ekipmanlar\u0131<\/strong><\/h1>\n<ul>\n<li>Vana<\/li>\n<li>Nipel (Full &amp; Half Nippels)<\/li>\n<li>Tapa (Blank)<\/li>\n<li>Merkezleme Halkas\u0131 (Centering Ring)<\/li>\n<li>O-Ring<\/li>\n<li>Kelep\u00e7e<\/li>\n<li>Dirsek (Elbow)<\/li>\n<li>Tee<\/li>\n<li>Kruva (Cross)<\/li>\n<li>Manifold (5&#8217;li, 6&#8217;l\u0131)<\/li>\n<li>Hortum Ba\u011flant\u0131 Nipeli<\/li>\n<li>Flexible Hortum (\u0130stenilen \u00d6l\u00e7\u00fcde)<\/li>\n<li>D\u00f6n\u00fc\u015ft\u00fcr\u00fcc\u00fc Adapt\u00f6rler<\/li>\n<li>D\u00fc\u015f\u00fcr\u00fcc\u00fcler (Reducers)<\/li>\n<li>Feedthrough<\/li>\n<li>G\u00f6zetleme Camlar\u0131 (Viewport)<\/li>\n<\/ul>\n<h1><strong>-Vakum S\u0131zd\u0131rmazl\u0131k Elemanlar\u0131<\/strong><\/h1>\n<ul>\n<li>Dow Corning Silikon Vakum Gresi<\/li>\n<li>Apiezon Hidrokarbon Silikonsuz Vakum Gresi<\/li>\n<li>Torr- Seal Epoksi Yap\u0131\u015ft\u0131r\u0131c\u0131<\/li>\n<li>Stycast 2850 FT Epoksi Yap\u0131\u015ft\u0131r\u0131c\u0131<\/li>\n<\/ul>\n<h1><strong>-Vakum \u00d6l\u00e7\u00fcm ve Kontrol Cihazlar\u0131<\/strong><\/h1>\n<ul>\n<li>Pirani Gauge<\/li>\n<li>Mikro Pirani Gauge<\/li>\n<li>Cold Cathode Gauge<\/li>\n<li>Kombinasyon Gauge (Wide-Range)<\/li>\n<li>\u0130on Gauge<\/li>\n<li>Thermocouple Gauge<\/li>\n<li>Gauge Kontrolc\u00fcleri<\/li>\n<\/ul>\n<h1><strong>-Vakum Valfleri<\/strong><\/h1>\n<ul>\n<li>Ana Vana (Gate Valve)<\/li>\n<li>Kelebek Vana<\/li>\n<li>Throttle Valve<\/li>\n<li>A\u00e7\u0131l\u0131 Vana (Angle Valve)<\/li>\n<li>Bellow Valve<\/li>\n<li>Ball Valve<\/li>\n<li>Vakum K\u0131rma Vanas\u0131 (Vacuum Breaking Valve)<\/li>\n<li>Blok Vana (Block Valve)<\/li>\n<li>Baypas Vanas\u0131 (Bypass Block Valve)<\/li>\n<li>Atmosfer Anahtar\u0131 (Atmosphere Switch)<\/li>\n<\/ul>\n<h1><strong>-Kal\u0131nl\u0131k Monit\u00f6rleri (Thickness Monitoring)<\/strong><\/h1>\n<ul>\n<li>Kal\u0131nl\u0131k Sens\u00f6r Kristalleri (Quartz Sensor Crystals)<\/li>\n<li>Kal\u0131nl\u0131k Sens\u00f6r Kafalar\u0131 (Sensor Heads)<\/li>\n<li>Kal\u0131nl\u0131k Sens\u00f6r Monit\u00f6rleri (Thickness Monitor Controllers)<\/li>\n<\/ul>\n<h1><strong>-Sa\u00e7t\u0131rma (Sputtering) Kaynaklar\u0131 ve Ekipmanlar\u0131<\/strong><\/h1>\n<ul>\n<li>RF G\u00fc\u00e7 Kaynaklar\u0131<\/li>\n<li>DC G\u00fc\u00e7 Kaynaklar\u0131<\/li>\n<li>Magnetronlar<\/li>\n<\/ul>\n<h1><strong>-Is\u0131l Buharla\u015ft\u0131rma Kaynaklar\u0131 ve Ekipmanlar\u0131<\/strong><\/h1>\n<ul>\n<li>Buharla\u015ft\u0131rma G\u00fc\u00e7 Kaynaklar\u0131 (TEPS)<\/li>\n<li>Buharla\u015ft\u0131rma Y\u00f6nlendirme Anahtarlar\u0131 (Y\u00fcksek Ak\u0131m Anahtarlar\u0131)<\/li>\n<li>Potalar<\/li>\n<li>Ef\u00fczyon H\u00fccreleri (Efusion Cells)<\/li>\n<li>Crucibles<\/li>\n<\/ul>\n<h1><strong>-K\u00fctle Ak\u0131\u015f Kontrolc\u00fcleri (Mass Flow Meters)<\/strong><\/h1>\n<h1><strong>-Sewagelok Ba\u011flant\u0131lar<\/strong><\/h1>\n<h1><strong>-Helyum Ka\u00e7ak Dedekt\u00f6rleri<\/strong><\/h1>\n<div class=\"clearfix\"><\/div>\n<h1><strong>-Vakup Trapler<\/strong><\/h1>\n<div class=\"clearfix\"><\/div>\n<h1><strong>-Vakum \u00d6l\u00e7\u00fcm ve Kontrol Cihazlar\u0131<\/strong><\/h1>\n<\/blockquote>\n\t\t\t\t\t\t\t\t\t\t<\/div>\r\n\t\t\t\t\t\t\t\t\t \r\n\t\t\t\t\t\t\t\t<\/div>\r\n\t\t\t\t\t\t\t\t\t\t\t\t\t\t\t<div class=\"etab-content-section etab-684152147  etab-Bp4ywAkz1D-684152147\" data-active=\"0\">\r\n\t\t\t\t\t\t\t\t\t\t\t\t\t\t\t\t\t\t\t<div class=\"etab-editor-content clearfix\">\r\n\t\t\t\t\t\t\t\t\t\t\t<blockquote>\n<h1><strong>S\u0131v\u0131 Azot Ekipmanlar\u0131<\/strong><\/h1>\n<ul>\n<li>Bas\u0131n\u00e7l\u0131 S\u0131v\u0131 Azot Tanklar\u0131<\/li>\n<li>S\u0131v\u0131 Azot Saklama Tanklar\u0131<\/li>\n<li>S\u0131v\u0131 Azot Ta\u015f\u0131ma Tanklar\u0131<\/li>\n<li>S\u0131v\u0131 Azot Aktar\u0131m \u00dcniteleri<\/li>\n<li>S\u0131v\u0131 Azot Tank\u0131 Ta\u015f\u0131ma Tekerleri<\/li>\n<li>S\u0131v\u0131 Azot Aktar\u0131m Hortumlar\u0131<\/li>\n<li>Kriyojenik Eldiven<\/li>\n<li>Kriyojenik Maske<\/li>\n<li>Kriyojenik \u00d6nl\u00fck<\/li>\n<li>Kriyojenik Kalem<\/li>\n<li>Dermatolojik Kriyoterapi Cihaz\u0131<\/li>\n<li>Jinekolojik Kriyoterapi Cihaz\u0131<\/li>\n<\/ul>\n<div class=\"row\">\n<div class=\"col-sx-12 col-sm-12 col-md-12\">\n<h1><strong>Kriyojenik Sistem Kurulum ve Tasar\u0131m Hizmetleri<\/strong><\/h1>\n<p>Projelerinize g\u00f6re<\/p>\n<ul>\n<li>Kriyojenik (Cryogenic)<\/li>\n<li>Vakum<\/li>\n<li>S\u0131cakl\u0131k<\/li>\n<li>Ak\u0131\u015f<\/li>\n<li>Bas\u0131n\u00e7<\/li>\n<li>\u00d6l\u00e7\u00fcm, Kontrol, Data Toplama ve Analiz Sistemlerinin tasar\u0131m\u0131 ve \u00fcretimi hizmetlerini vermekteyiz.<\/li>\n<\/ul>\n<\/div>\n<\/div>\n<\/blockquote>\n\t\t\t\t\t\t\t\t\t\t<\/div>\r\n\t\t\t\t\t\t\t\t\t \r\n\t\t\t\t\t\t\t\t<\/div>\r\n\t\t\t\t\t\t\t\t\t\t\t\t\t\t\t<div class=\"etab-content-section etab-684152147  etab-TNhECTBW24-684152147\" data-active=\"0\">\r\n\t\t\t\t\t\t\t\t\t\t\t\t\t\t\t\t\t\t\t<div class=\"etab-editor-content clearfix\">\r\n\t\t\t\t\t\t\t\t\t\t\t<blockquote>\n<h1><strong>* Gaz Azot \u00dcretim sistemleri<\/strong><\/h1>\n<div class=\"clearfix\"><\/div>\n<p>Proje baz\u0131nda veya g\u00fcnl\u00fck ihtiyac\u0131n\u0131za uygun kapasitede gaz azot sistemleri \u00fcretmekteyiz.<\/p>\n<div class=\"clearfix\"><\/div>\n<div class=\"row\">\n<div class=\"col-sx-12 col-sm-12 col-md-12\">\n<h1><strong>* S\u0131v\u0131 Azot \u00dcretim Sistemleri<\/strong><\/h1>\n<div class=\"clearfix\"><\/div>\n<p>Proje baz\u0131nda veya g\u00fcnl\u00fck ihtiyac\u0131n\u0131za uygun kapasitede s\u0131v\u0131 azot sistemleri \u00fcretmekteyiz.<\/p>\n<\/div>\n<div class=\"clearfix\"><\/div>\n<\/div>\n<h1><strong>* Gaz Oksijen \u00dcretim sistemleri<\/strong><\/h1>\n<div class=\"clearfix\"><\/div>\n<p>Proje baz\u0131nda veya g\u00fcnl\u00fck ihtiyac\u0131n\u0131za uygun kapasitede gaz oksijen sistemleri \u00fcretmekteyiz.<\/p>\n<div class=\"clearfix\"><\/div>\n<h1><strong>* Kapal\u0131 Devre Su So\u011futma Sistemleri (Chillers)<\/strong><\/h1>\n<div class=\"clearfix\"><\/div>\n<p>Proje baz\u0131nda veya g\u00fcnl\u00fck ihtiyac\u0131n\u0131za uygun so\u011futma g\u00fcc\u00fcnde sistemler \u00fcretmekteyiz.<\/p>\n<div class=\"clearfix\"><\/div>\n<h1><strong>* Hava Kurutucu ve Kompres\u00f6rleri<\/strong><\/h1>\n<div class=\"clearfix\"><\/div>\n<p>Proje baz\u0131nda veya g\u00fcnl\u00fck ihtiyac\u0131n\u0131za uygun kapasitede hava kurutucular\u0131 \u00fcretmekteyiz.<\/p>\n<div class=\"clearfix\"><\/div>\n<\/blockquote>\n\t\t\t\t\t\t\t\t\t\t<\/div>\r\n\t\t\t\t\t\t\t\t\t \r\n\t\t\t\t\t\t\t\t<\/div>\r\n\t\t\t\t\t\t\t\t\t\t\t\t\t\t\t<div class=\"etab-content-section etab-684152147  etab-APzOh3Zsdw-684152147\" data-active=\"0\">\r\n\t\t\t\t\t\t\t\t\t\t\t\t\t\t\t\t\t\t\t<div class=\"etab-editor-content clearfix\">\r\n\t\t\t\t\t\t\t\t\t\t\t<blockquote>\n<h1><strong>-Vakum Teknik Servis Hizmetleri (VACUUM SYSTEM SERVICE)<\/strong><\/h1>\n<p>Kulland\u0131\u011f\u0131n\u0131z cihazlara ait<\/p>\n<ul>\n<li>Vakum Pompalar\u0131na<\/li>\n<li>Vakum Ba\u011flant\u0131 Elemanlar\u0131na<\/li>\n<li>Vakum Valflerine<\/li>\n<li>Atmosfer Anahtarlar\u0131na<\/li>\n<li>G\u00fc\u00e7 Kaynaklar\u0131na<\/li>\n<li>G\u00fc\u00e7 Y\u00f6nlendirme Anahtarlar\u0131na<\/li>\n<li>Altta\u015f Tutuculara (Substrate Holder)<\/li>\n<li>Buharla\u015ft\u0131rma Kaynaklar\u0131na<\/li>\n<li>Sa\u00e7t\u0131rma Kaynaklar\u0131na (Magnetronlara)<\/li>\n<li>Vakum sistemleri Kontrol Yaz\u0131l\u0131mlar\u0131na<\/li>\n<li>Vakum \u00d6l\u00e7\u00fcm Cihazlar\u0131na<\/li>\n<\/ul>\n<p>Bak\u0131m-onar\u0131mlar\u0131 hizmetlerini, g\u00fcncelle\u015ftirme (Upgrade), y\u0131ll\u0131k bak\u0131m hizmetlerini ilgili cihaz\u0131n orijinal yedek par\u00e7alar\u0131n\u0131 kullanarak, bak\u0131m sonras\u0131 garantili hizmet vermekteyiz.<\/p>\n<div class=\"clearfix\"><\/div>\n<div class=\"row\">\n<div class=\"col-sx-12 col-sm-12 col-md-12\">\n<h1><strong>-Kriyojenik Teknik Servis Hizmetleri (CRYO SERVICE)<\/strong><\/h1>\n<p>Kulland\u0131\u011f\u0131n\u0131z cihazlara ait<\/p>\n<ul>\n<li>So\u011futucu Kafalara (Cold Head), MRI, 4K, 10K, 77K<\/li>\n<li>Helyum Kompres\u00f6rlerine<\/li>\n<li>Kriyostatlara (Cryostat)<\/li>\n<li>Kriyojenik Vakum Pompalar\u0131na (Cryopump)<\/li>\n<li>Kriyojenik So\u011futuculara (Cryocooler)<\/li>\n<li>\u00d6l\u00e7\u00fcm Cihazlar\u0131na<\/li>\n<\/ul>\n<p>Bak\u0131m-onar\u0131mlar\u0131 hizmetlerini, y\u0131ll\u0131k bak\u0131m hizmetlerini ilgili cihaz\u0131n orijinal yedek par\u00e7alar\u0131n\u0131 kullanarak, bak\u0131m sonras\u0131 garantili hizmet vermekteyiz.<\/p>\n<\/div>\n<\/div>\n<\/blockquote>\n\t\t\t\t\t\t\t\t\t\t<\/div>\r\n\t\t\t\t\t\t\t\t\t \r\n\t\t\t\t\t\t\t\t<\/div>\r\n\t\t\t\t\t\t\t\t\t\t\t\t\t<\/div>\r\n\t\t\t\t\t<\/div>\r\n\t\t\t\t\t\r\n\r\n\n","protected":false},"excerpt":{"rendered":"<p>Where is the first place you look when you want to find something on the Internet? If you are like the vast majority of users then you would use a search engine.<\/p>\n","protected":false},"author":2,"featured_media":0,"parent":0,"menu_order":0,"comment_status":"closed","ping_status":"closed","template":"","meta":[],"_links":{"self":[{"href":"https:\/\/www.evclab.com\/index.php\/wp-json\/wp\/v2\/pages\/18"}],"collection":[{"href":"https:\/\/www.evclab.com\/index.php\/wp-json\/wp\/v2\/pages"}],"about":[{"href":"https:\/\/www.evclab.com\/index.php\/wp-json\/wp\/v2\/types\/page"}],"author":[{"embeddable":true,"href":"https:\/\/www.evclab.com\/index.php\/wp-json\/wp\/v2\/users\/2"}],"replies":[{"embeddable":true,"href":"https:\/\/www.evclab.com\/index.php\/wp-json\/wp\/v2\/comments?post=18"}],"version-history":[{"count":3,"href":"https:\/\/www.evclab.com\/index.php\/wp-json\/wp\/v2\/pages\/18\/revisions"}],"predecessor-version":[{"id":1619,"href":"https:\/\/www.evclab.com\/index.php\/wp-json\/wp\/v2\/pages\/18\/revisions\/1619"}],"wp:attachment":[{"href":"https:\/\/www.evclab.com\/index.php\/wp-json\/wp\/v2\/media?parent=18"}],"curies":[{"name":"wp","href":"https:\/\/api.w.org\/{rel}","templated":true}]}}