{"id":14,"date":"2021-01-01T20:00:36","date_gmt":"2021-01-01T20:00:36","guid":{"rendered":"http:\/\/demos.famethemes.com\/screenr\/?page_id=14"},"modified":"2021-01-30T00:50:14","modified_gmt":"2021-01-30T00:50:14","slug":"evclabaratuvarsistemleri","status":"publish","type":"page","link":"https:\/\/www.evclab.com\/index.php\/evclabaratuvarsistemleri\/","title":{"rendered":"EVC LABARATUVAR S\u0130STEMLER\u0130"},"content":{"rendered":"\t<div class=\"everest-tab-main-wrapper etab-sc-main-wrapper etab-clearfix etab-group-wrap etab-sp-custom-1602 etab-template3 etab-trigger-on_click etab-horizontal etab-top-left-position\" data-tab_trigger_type=\"on_click\" id=\"et-tab-random-479754610\">\r\n\t\t<div class=\"etab-header-wrap\">\r\n\t\t\t<ul class=\"etab-title-tabs et-tab479754610 etab-clearfix\" data-id=\"etab-479754610\">\r\n\t\t\t\t\t\t\t\t\t\t<li class=\"etab-label etab-active-show\" id=\"etab-pCmX6UoBZ2-479754610\">\r\n\t\t\t\t\t\t\t\t\t\t\t\t\t\t\t\t<a href=\"javascript:void(0);\" data-tabtype=\"component_type\">\r\n\t\t\t\t\t\t\t\t\t\t\t\t\t\t\t\t\t\t<div class=\"etab-title-wrapper\">\r\n\t\t\t\t\t\t\t\t\t\t\t\t\t\t\t\t\t\t\t\t<span class=\"etab-title\">Gaz Azot Jenerat\u00f6r\u00fc<\/span>\r\n\t\t\t\t\t\t\t\t\t\t\t\t\t\t\t\t\t\t\t\t\t<p class=\"etab-desc\">Nitrojengasgenerator<\/p>\r\n\t\t\t\t\t\t\t\t\t\t\t\t\t\t\t\t\t\t\t<\/div>\r\n\t\t\t\t\t\t\t\t<\/a>\r\n\t\t\t\t\t\t\t<\/li>\r\n\t\t\t\t\t\t\t\t\t\t\t\t\t<li class=\"etab-label \" id=\"etab-zWvywEChXU-479754610\">\r\n\t\t\t\t\t\t\t\t\t\t\t\t\t\t\t\t<a href=\"javascript:void(0);\" data-tabtype=\"component_type\">\r\n\t\t\t\t\t\t\t\t\t\t\t\t\t\t\t\t\t\t<div class=\"etab-title-wrapper\">\r\n\t\t\t\t\t\t\t\t\t\t\t\t\t\t\t\t\t\t\t\t<span class=\"etab-title\">Bas\u0131n\u00e7land\u0131rma Kabini<\/span>\r\n\t\t\t\t\t\t\t\t\t\t\t\t\t\t\t\t\t\t\t\t\t<p class=\"etab-desc\">Hava Bas\u0131n\u00e7land\u0131rma Kabini<\/p>\r\n\t\t\t\t\t\t\t\t\t\t\t\t\t\t\t\t\t\t\t<\/div>\r\n\t\t\t\t\t\t\t\t<\/a>\r\n\t\t\t\t\t\t\t<\/li>\r\n\t\t\t\t\t\t\t\t\t\t\t\t\t<\/ul>\r\n\t\t\t\t\t<\/div>\r\n\t\t\t\t\t<div class=\"etab-content-wrap\">\r\n\t\t\t\t\t\t\t\t\t\t\t\t\t\t<div class=\"etab-content-section etab-479754610 etab-active-content etab-pCmX6UoBZ2-479754610\" data-active=\"1\">\r\n\t\t\t\t\t\t\t\t\t\t\t\t\t\t\t\t\t\t\t<div class=\"etab-editor-content clearfix\">\r\n\t\t\t\t\t\t\t\t\t\t\t<p><img class=\"alignnone size-medium wp-image-1607\" src=\"https:\/\/www.evclab.com\/wp-content\/uploads\/2021\/01\/1e5240d0-b6fa-4109-b977-8f18eda49d45-300x240.jpg\" alt=\"\" width=\"300\" height=\"240\" \/><\/p>\n\t\t\t\t\t\t\t\t\t\t<\/div>\r\n\t\t\t\t\t\t\t\t\t \r\n\t\t\t\t\t\t\t\t<\/div>\r\n\t\t\t\t\t\t\t\t\t\t\t\t\t\t\t<div class=\"etab-content-section etab-479754610  etab-zWvywEChXU-479754610\" data-active=\"0\">\r\n\t\t\t\t\t\t\t\t\t\t\t\t\t\t\t\t\t\t\t<div class=\"etab-editor-content clearfix\">\r\n\t\t\t\t\t\t\t\t\t\t\t<p><img class=\"alignnone size-medium wp-image-1608\" src=\"https:\/\/www.evclab.com\/wp-content\/uploads\/2021\/01\/97b10a0e-83a8-4790-80d1-91756507143c-300x240.jpg\" alt=\"\" width=\"300\" height=\"240\" \/><\/p>\n\t\t\t\t\t\t\t\t\t\t<\/div>\r\n\t\t\t\t\t\t\t\t\t \r\n\t\t\t\t\t\t\t\t<\/div>\r\n\t\t\t\t\t\t\t\t\t\t\t\t\t<\/div>\r\n\t\t\t\t\t<\/div>\r\n\t\t\t\t\t\r\n\r\n\n","protected":false},"excerpt":{"rendered":"<p>EVC LABARATUVAR<\/p>\n","protected":false},"author":2,"featured_media":1595,"parent":0,"menu_order":0,"comment_status":"closed","ping_status":"closed","template":"","meta":[],"_links":{"self":[{"href":"https:\/\/www.evclab.com\/index.php\/wp-json\/wp\/v2\/pages\/14"}],"collection":[{"href":"https:\/\/www.evclab.com\/index.php\/wp-json\/wp\/v2\/pages"}],"about":[{"href":"https:\/\/www.evclab.com\/index.php\/wp-json\/wp\/v2\/types\/page"}],"author":[{"embeddable":true,"href":"https:\/\/www.evclab.com\/index.php\/wp-json\/wp\/v2\/users\/2"}],"replies":[{"embeddable":true,"href":"https:\/\/www.evclab.com\/index.php\/wp-json\/wp\/v2\/comments?post=14"}],"version-history":[{"count":9,"href":"https:\/\/www.evclab.com\/index.php\/wp-json\/wp\/v2\/pages\/14\/revisions"}],"predecessor-version":[{"id":1629,"href":"https:\/\/www.evclab.com\/index.php\/wp-json\/wp\/v2\/pages\/14\/revisions\/1629"}],"wp:featuredmedia":[{"embeddable":true,"href":"https:\/\/www.evclab.com\/index.php\/wp-json\/wp\/v2\/media\/1595"}],"wp:attachment":[{"href":"https:\/\/www.evclab.com\/index.php\/wp-json\/wp\/v2\/media?parent=14"}],"curies":[{"name":"wp","href":"https:\/\/api.w.org\/{rel}","templated":true}]}}