{"id":1344,"date":"2021-01-21T15:04:05","date_gmt":"2021-01-21T15:04:05","guid":{"rendered":"https:\/\/www.evclab.com\/index.php\/kriyojenik_sistemler-copy\/"},"modified":"2021-01-30T00:41:56","modified_gmt":"2021-01-30T00:41:56","slug":"bilisim_sistemleri","status":"publish","type":"page","link":"https:\/\/www.evclab.com\/index.php\/bilisim_sistemleri\/","title":{"rendered":"EVC B\u0130L\u0130\u015e\u0130M S\u0130STEMLER\u0130"},"content":{"rendered":"\n<figure class=\"wp-block-image size-large\"><img src=\"blob:https:\/\/www.evclab.com\/591a33e2-6ca0-4e22-9abe-8eeeebd0f015\" alt=\"\" class=\"wp-image-1347\"\/><\/figure>\n\n\n<p><\/p>","protected":false},"excerpt":{"rendered":"<p>EVC B\u0130L\u0130\u015e\u0130M S\u0130STEMLER\u0130<\/p>\n","protected":false},"author":2,"featured_media":1360,"parent":0,"menu_order":0,"comment_status":"closed","ping_status":"closed","template":"","meta":[],"_links":{"self":[{"href":"https:\/\/www.evclab.com\/index.php\/wp-json\/wp\/v2\/pages\/1344"}],"collection":[{"href":"https:\/\/www.evclab.com\/index.php\/wp-json\/wp\/v2\/pages"}],"about":[{"href":"https:\/\/www.evclab.com\/index.php\/wp-json\/wp\/v2\/types\/page"}],"author":[{"embeddable":true,"href":"https:\/\/www.evclab.com\/index.php\/wp-json\/wp\/v2\/users\/2"}],"replies":[{"embeddable":true,"href":"https:\/\/www.evclab.com\/index.php\/wp-json\/wp\/v2\/comments?post=1344"}],"version-history":[{"count":4,"href":"https:\/\/www.evclab.com\/index.php\/wp-json\/wp\/v2\/pages\/1344\/revisions"}],"predecessor-version":[{"id":1357,"href":"https:\/\/www.evclab.com\/index.php\/wp-json\/wp\/v2\/pages\/1344\/revisions\/1357"}],"wp:featuredmedia":[{"embeddable":true,"href":"https:\/\/www.evclab.com\/index.php\/wp-json\/wp\/v2\/media\/1360"}],"wp:attachment":[{"href":"https:\/\/www.evclab.com\/index.php\/wp-json\/wp\/v2\/media?parent=1344"}],"curies":[{"name":"wp","href":"https:\/\/api.w.org\/{rel}","templated":true}]}}